{"id":17,"date":"2023-12-27T10:36:34","date_gmt":"2023-12-27T13:36:34","guid":{"rendered":"https:\/\/softwareplay.site\/goldsquare\/?page_id=17"},"modified":"2023-12-27T15:22:17","modified_gmt":"2023-12-27T18:22:17","slug":"loteamento-gold-square","status":"publish","type":"page","link":"https:\/\/grupogoldsquare.com.br\/index.php\/loteamento-gold-square\/","title":{"rendered":"Loteamento Gold square"},"content":{"rendered":"\t\t<div data-elementor-type=\"wp-page\" data-elementor-id=\"17\" class=\"elementor elementor-17\" data-elementor-post-type=\"page\">\n\t\t\t\t\t\t\t<div class=\"elementor-element elementor-element-5c1e7ee e-flex e-con-boxed e-con e-parent\" data-id=\"5c1e7ee\" data-element_type=\"container\" data-settings=\"{&quot;background_background&quot;:&quot;classic&quot;,&quot;content_width&quot;:&quot;boxed&quot;}\" data-core-v316-plus=\"true\">\n\t\t\t\t\t<div class=\"e-con-inner\">\n\t\t\t\t<div class=\"elementor-element elementor-element-0e477fc elementor-widget elementor-widget-image\" data-id=\"0e477fc\" data-element_type=\"widget\" data-widget_type=\"image.default\">\n\t\t\t\t<div class=\"elementor-widget-container\">\n\t\t\t<style>\/*! elementor - v3.18.0 - 20-12-2023 *\/\n.elementor-widget-image{text-align:center}.elementor-widget-image a{display:inline-block}.elementor-widget-image a img[src$=\".svg\"]{width:48px}.elementor-widget-image img{vertical-align:middle;display:inline-block}<\/style>\t\t\t\t\t\t\t\t\t\t\t\t<img decoding=\"async\" width=\"251\" height=\"150\" src=\"https:\/\/grupogoldsquare.com.br\/wp-content\/uploads\/2023\/12\/coroa04.jpg\" class=\"attachment-large size-large wp-image-77\" alt=\"\" \/>\t\t\t\t\t\t\t\t\t\t\t\t\t\t\t<\/div>\n\t\t\t\t<\/div>\n\t\t\t\t\t<\/div>\n\t\t\t\t<\/div>\n\t\t<div class=\"elementor-element elementor-element-773b832 elementor-hidden-tablet elementor-hidden-mobile e-flex e-con-boxed e-con e-parent\" data-id=\"773b832\" data-element_type=\"container\" data-settings=\"{&quot;content_width&quot;:&quot;boxed&quot;}\" data-core-v316-plus=\"true\">\n\t\t\t\t\t<div class=\"e-con-inner\">\n\t\t\t\t\t<\/div>\n\t\t\t\t<\/div>\n\t\t<div class=\"elementor-element elementor-element-398e2fa elementor-hidden-desktop e-flex e-con-boxed e-con e-parent\" data-id=\"398e2fa\" data-element_type=\"container\" data-settings=\"{&quot;content_width&quot;:&quot;boxed&quot;}\" data-core-v316-plus=\"true\">\n\t\t\t\t\t<div class=\"e-con-inner\">\n\t\t\t\t\t<\/div>\n\t\t\t\t<\/div>\n\t\t<div class=\"elementor-element elementor-element-9091afb e-flex e-con-boxed e-con e-parent\" data-id=\"9091afb\" data-element_type=\"container\" data-settings=\"{&quot;background_background&quot;:&quot;classic&quot;,&quot;content_width&quot;:&quot;boxed&quot;}\" data-core-v316-plus=\"true\">\n\t\t\t\t\t<div class=\"e-con-inner\">\n\t\t<div class=\"elementor-element elementor-element-fb96b1b e-flex e-con-boxed e-con e-child\" data-id=\"fb96b1b\" data-element_type=\"container\" data-settings=\"{&quot;content_width&quot;:&quot;boxed&quot;}\">\n\t\t\t\t\t<div class=\"e-con-inner\">\n\t\t\t\t<div class=\"elementor-element elementor-element-1377a8a elementor-widget elementor-widget-image\" data-id=\"1377a8a\" data-element_type=\"widget\" data-widget_type=\"image.default\">\n\t\t\t\t<div class=\"elementor-widget-container\">\n\t\t\t\t\t\t\t\t\t\t\t\t\t\t\t<img decoding=\"async\" width=\"200\" height=\"200\" src=\"https:\/\/grupogoldsquare.com.br\/wp-content\/uploads\/2023\/12\/team_member1.jpg\" class=\"attachment-large size-large wp-image-95\" alt=\"\" srcset=\"https:\/\/grupogoldsquare.com.br\/wp-content\/uploads\/2023\/12\/team_member1.jpg 200w, https:\/\/grupogoldsquare.com.br\/wp-content\/uploads\/2023\/12\/team_member1-150x150.jpg 150w\" sizes=\"(max-width: 200px) 100vw, 200px\" \/>\t\t\t\t\t\t\t\t\t\t\t\t\t\t\t<\/div>\n\t\t\t\t<\/div>\n\t\t\t\t<div class=\"elementor-element elementor-element-1cc82c4 elementor-widget elementor-widget-heading\" data-id=\"1cc82c4\" data-element_type=\"widget\" data-widget_type=\"heading.default\">\n\t\t\t\t<div class=\"elementor-widget-container\">\n\t\t\t<style>\/*! elementor - v3.18.0 - 20-12-2023 *\/\n.elementor-heading-title{padding:0;margin:0;line-height:1}.elementor-widget-heading .elementor-heading-title[class*=elementor-size-]>a{color:inherit;font-size:inherit;line-height:inherit}.elementor-widget-heading .elementor-heading-title.elementor-size-small{font-size:15px}.elementor-widget-heading .elementor-heading-title.elementor-size-medium{font-size:19px}.elementor-widget-heading .elementor-heading-title.elementor-size-large{font-size:29px}.elementor-widget-heading .elementor-heading-title.elementor-size-xl{font-size:39px}.elementor-widget-heading .elementor-heading-title.elementor-size-xxl{font-size:59px}<\/style><h2 class=\"elementor-heading-title elementor-size-default\">VAMOS CONSTRUIR<\/h2>\t\t<\/div>\n\t\t\t\t<\/div>\n\t\t\t\t<div class=\"elementor-element elementor-element-f295edf elementor-widget elementor-widget-text-editor\" data-id=\"f295edf\" data-element_type=\"widget\" data-widget_type=\"text-editor.default\">\n\t\t\t\t<div class=\"elementor-widget-container\">\n\t\t\t<style>\/*! elementor - v3.18.0 - 20-12-2023 *\/\n.elementor-widget-text-editor.elementor-drop-cap-view-stacked .elementor-drop-cap{background-color:#69727d;color:#fff}.elementor-widget-text-editor.elementor-drop-cap-view-framed .elementor-drop-cap{color:#69727d;border:3px solid;background-color:transparent}.elementor-widget-text-editor:not(.elementor-drop-cap-view-default) .elementor-drop-cap{margin-top:8px}.elementor-widget-text-editor:not(.elementor-drop-cap-view-default) .elementor-drop-cap-letter{width:1em;height:1em}.elementor-widget-text-editor .elementor-drop-cap{float:left;text-align:center;line-height:1;font-size:50px}.elementor-widget-text-editor .elementor-drop-cap-letter{display:inline-block}<\/style>\t\t\t\t<p>Infraestrutura completa: galerias pluviais, bocas de lobo, energia, ilumina\u00e7\u00e3o, meio fio, asfalto e sinaliza\u00e7\u00e3o de ruas<\/p>\t\t\t\t\t\t<\/div>\n\t\t\t\t<\/div>\n\t\t\t\t\t<\/div>\n\t\t\t\t<\/div>\n\t\t<div class=\"elementor-element elementor-element-a904f91 e-flex e-con-boxed e-con e-child\" data-id=\"a904f91\" data-element_type=\"container\" data-settings=\"{&quot;content_width&quot;:&quot;boxed&quot;}\">\n\t\t\t\t\t<div class=\"e-con-inner\">\n\t\t\t\t<div class=\"elementor-element elementor-element-fd745a3 elementor-widget elementor-widget-image\" data-id=\"fd745a3\" data-element_type=\"widget\" data-widget_type=\"image.default\">\n\t\t\t\t<div class=\"elementor-widget-container\">\n\t\t\t\t\t\t\t\t\t\t\t\t\t\t\t<img decoding=\"async\" width=\"200\" height=\"200\" src=\"https:\/\/grupogoldsquare.com.br\/wp-content\/uploads\/2023\/12\/team_member2.jpg\" class=\"attachment-large size-large wp-image-96\" alt=\"\" srcset=\"https:\/\/grupogoldsquare.com.br\/wp-content\/uploads\/2023\/12\/team_member2.jpg 200w, https:\/\/grupogoldsquare.com.br\/wp-content\/uploads\/2023\/12\/team_member2-150x150.jpg 150w\" sizes=\"(max-width: 200px) 100vw, 200px\" \/>\t\t\t\t\t\t\t\t\t\t\t\t\t\t\t<\/div>\n\t\t\t\t<\/div>\n\t\t\t\t<div class=\"elementor-element elementor-element-087580b elementor-widget elementor-widget-heading\" data-id=\"087580b\" data-element_type=\"widget\" data-widget_type=\"heading.default\">\n\t\t\t\t<div class=\"elementor-widget-container\">\n\t\t\t<h2 class=\"elementor-heading-title elementor-size-default\">PAGUE EM AT\u00c9 120 VEZES<\/h2>\t\t<\/div>\n\t\t\t\t<\/div>\n\t\t\t\t<div class=\"elementor-element elementor-element-070c7fe elementor-widget elementor-widget-text-editor\" data-id=\"070c7fe\" data-element_type=\"widget\" data-widget_type=\"text-editor.default\">\n\t\t\t\t<div class=\"elementor-widget-container\">\n\t\t\t\t\t\t\t<p>Direto com o loteamento em at\u00e9 120 vezes.<\/p>\t\t\t\t\t\t<\/div>\n\t\t\t\t<\/div>\n\t\t\t\t\t<\/div>\n\t\t\t\t<\/div>\n\t\t<div class=\"elementor-element elementor-element-0f43d8a e-flex e-con-boxed e-con e-child\" data-id=\"0f43d8a\" data-element_type=\"container\" data-settings=\"{&quot;content_width&quot;:&quot;boxed&quot;}\">\n\t\t\t\t\t<div class=\"e-con-inner\">\n\t\t\t\t<div class=\"elementor-element elementor-element-e06e2df elementor-widget elementor-widget-image\" data-id=\"e06e2df\" data-element_type=\"widget\" data-widget_type=\"image.default\">\n\t\t\t\t<div class=\"elementor-widget-container\">\n\t\t\t\t\t\t\t\t\t\t\t\t\t\t\t<img loading=\"lazy\" decoding=\"async\" width=\"200\" height=\"200\" src=\"https:\/\/grupogoldsquare.com.br\/wp-content\/uploads\/2023\/12\/team_member3.jpg\" class=\"attachment-large size-large wp-image-97\" alt=\"\" srcset=\"https:\/\/grupogoldsquare.com.br\/wp-content\/uploads\/2023\/12\/team_member3.jpg 200w, https:\/\/grupogoldsquare.com.br\/wp-content\/uploads\/2023\/12\/team_member3-150x150.jpg 150w\" sizes=\"(max-width: 200px) 100vw, 200px\" \/>\t\t\t\t\t\t\t\t\t\t\t\t\t\t\t<\/div>\n\t\t\t\t<\/div>\n\t\t\t\t<div class=\"elementor-element elementor-element-099aa9c elementor-widget elementor-widget-heading\" data-id=\"099aa9c\" data-element_type=\"widget\" data-widget_type=\"heading.default\">\n\t\t\t\t<div class=\"elementor-widget-container\">\n\t\t\t<h2 class=\"elementor-heading-title elementor-size-default\">LOCALIZA\u00c7\u00c3O PRIVILEGIADA<\/h2>\t\t<\/div>\n\t\t\t\t<\/div>\n\t\t\t\t<div class=\"elementor-element elementor-element-50453d7 elementor-widget elementor-widget-text-editor\" data-id=\"50453d7\" data-element_type=\"widget\" data-widget_type=\"text-editor.default\">\n\t\t\t\t<div class=\"elementor-widget-container\">\n\t\t\t\t\t\t\t<p>Localiza\u00e7\u00e3o no lugar que mais cresce em Toritama, a melhor op\u00e7\u00e3o para investir ou morar em Toritama &#8211; PE<\/p>\t\t\t\t\t\t<\/div>\n\t\t\t\t<\/div>\n\t\t\t\t\t<\/div>\n\t\t\t\t<\/div>\n\t\t<div class=\"elementor-element elementor-element-e622cab e-flex e-con-boxed e-con e-child\" data-id=\"e622cab\" data-element_type=\"container\" data-settings=\"{&quot;content_width&quot;:&quot;boxed&quot;}\">\n\t\t\t\t\t<div class=\"e-con-inner\">\n\t\t\t\t<div class=\"elementor-element elementor-element-5883d70 elementor-widget elementor-widget-image\" data-id=\"5883d70\" data-element_type=\"widget\" data-widget_type=\"image.default\">\n\t\t\t\t<div class=\"elementor-widget-container\">\n\t\t\t\t\t\t\t\t\t\t\t\t\t\t\t<img loading=\"lazy\" decoding=\"async\" width=\"200\" height=\"200\" src=\"https:\/\/grupogoldsquare.com.br\/wp-content\/uploads\/2023\/12\/team_member4.jpg\" class=\"attachment-large size-large wp-image-98\" alt=\"\" srcset=\"https:\/\/grupogoldsquare.com.br\/wp-content\/uploads\/2023\/12\/team_member4.jpg 200w, https:\/\/grupogoldsquare.com.br\/wp-content\/uploads\/2023\/12\/team_member4-150x150.jpg 150w\" sizes=\"(max-width: 200px) 100vw, 200px\" \/>\t\t\t\t\t\t\t\t\t\t\t\t\t\t\t<\/div>\n\t\t\t\t<\/div>\n\t\t\t\t<div class=\"elementor-element elementor-element-ed736ca elementor-widget elementor-widget-heading\" data-id=\"ed736ca\" data-element_type=\"widget\" data-widget_type=\"heading.default\">\n\t\t\t\t<div class=\"elementor-widget-container\">\n\t\t\t<h2 class=\"elementor-heading-title elementor-size-default\">FALE COM UM CORRETOR<\/h2>\t\t<\/div>\n\t\t\t\t<\/div>\n\t\t\t\t<div class=\"elementor-element elementor-element-b1da060 elementor-widget elementor-widget-text-editor\" data-id=\"b1da060\" data-element_type=\"widget\" data-widget_type=\"text-editor.default\">\n\t\t\t\t<div class=\"elementor-widget-container\">\n\t\t\t\t\t\t\t<p>Entre em contato com nossa equipe de plant\u00e3o<\/p>\t\t\t\t\t\t<\/div>\n\t\t\t\t<\/div>\n\t\t\t\t\t<\/div>\n\t\t\t\t<\/div>\n\t\t\t\t\t<\/div>\n\t\t\t\t<\/div>\n\t\t<div class=\"elementor-element elementor-element-374fbea e-flex e-con-boxed e-con e-parent\" data-id=\"374fbea\" data-element_type=\"container\" data-settings=\"{&quot;background_background&quot;:&quot;classic&quot;,&quot;content_width&quot;:&quot;boxed&quot;}\" data-core-v316-plus=\"true\">\n\t\t\t\t\t<div class=\"e-con-inner\">\n\t\t\t\t<div class=\"elementor-element elementor-element-04b0c52 elementor-widget elementor-widget-heading\" data-id=\"04b0c52\" data-element_type=\"widget\" data-widget_type=\"heading.default\">\n\t\t\t\t<div class=\"elementor-widget-container\">\n\t\t\t<h2 class=\"elementor-heading-title elementor-size-default\">ESPECIFICA\u00c7\u00d5ES DO LOTEAMENTO GOLD SQUARE\n<\/h2>\t\t<\/div>\n\t\t\t\t<\/div>\n\t\t\t\t<div class=\"elementor-element elementor-element-599be31 elementor-widget elementor-widget-text-editor\" data-id=\"599be31\" data-element_type=\"widget\" data-widget_type=\"text-editor.default\">\n\t\t\t\t<div class=\"elementor-widget-container\">\n\t\t\t\t\t\t\t<p>Loteamento Gold Square est\u00e1 localizado na cidade de Toritama &#8211; PE, na BR 104 pr\u00f3ximo ao Parque das Feiras. Possui 693 lotes, comerciais e residenciais.<br \/>Localizado na \u00e1rea que mais se valoriza e cresce em Toritama, loteamento Gold Square tem ao seu lado esquerdo o f\u00f3rum de Toritama, em frente temos o Batalh\u00e3o da<br \/>Pol\u00edcia Militar (BEPI), Prefeitura, UPA, Bombeiros, nossa localiza\u00e7\u00e3o \u00e9 o cora\u00e7\u00e3o da cidade.<\/p><p>Pronto para construir, com infraestrutura completa e de alta qualidade. \u00c1gua, energia, meio fio, asfalto e cal\u00e7amento.<\/p><p>Facilidade de pagamentos e pequena entrada. Parcelamento direto com o loteamento ou possibilidade de financiamento imobili\u00e1rio para aquisi\u00e7\u00e3o de lote e<br \/>constru\u00e7\u00e3o com um de nossos parceiros correspondentes da caixa econ\u00f4mica federal.<\/p><p>Loteamento Gold Square \u00e9 a melhor op\u00e7\u00e3o para voc\u00ea morar ou investir em Toritama.<\/p><p>N\u00famero de registro<br \/>RGI: R-2.1.005, livro 2-H<\/p>\t\t\t\t\t\t<\/div>\n\t\t\t\t<\/div>\n\t\t\t\t\t<\/div>\n\t\t\t\t<\/div>\n\t\t<div class=\"elementor-element elementor-element-fcb04db e-flex e-con-boxed e-con e-parent\" data-id=\"fcb04db\" data-element_type=\"container\" data-settings=\"{&quot;content_width&quot;:&quot;boxed&quot;}\" data-core-v316-plus=\"true\">\n\t\t\t\t\t<div class=\"e-con-inner\">\n\t\t\t\t<div class=\"elementor-element elementor-element-a265835 elementor-widget elementor-widget-image\" data-id=\"a265835\" data-element_type=\"widget\" data-widget_type=\"image.default\">\n\t\t\t\t<div class=\"elementor-widget-container\">\n\t\t\t\t\t\t\t\t\t\t\t\t\t\t\t<img loading=\"lazy\" decoding=\"async\" width=\"440\" height=\"832\" src=\"https:\/\/grupogoldsquare.com.br\/wp-content\/uploads\/2023\/12\/lote.jpg\" class=\"attachment-large size-large wp-image-99\" alt=\"\" srcset=\"https:\/\/grupogoldsquare.com.br\/wp-content\/uploads\/2023\/12\/lote.jpg 440w, https:\/\/grupogoldsquare.com.br\/wp-content\/uploads\/2023\/12\/lote-159x300.jpg 159w\" sizes=\"(max-width: 440px) 100vw, 440px\" \/>\t\t\t\t\t\t\t\t\t\t\t\t\t\t\t<\/div>\n\t\t\t\t<\/div>\n\t\t\t\t\t<\/div>\n\t\t\t\t<\/div>\n\t\t\t\t\t\t\t<\/div>\n\t\t","protected":false},"excerpt":{"rendered":"<p>VAMOS CONSTRUIR Infraestrutura completa: galerias pluviais, bocas de lobo, energia, ilumina\u00e7\u00e3o, meio fio, asfalto e sinaliza\u00e7\u00e3o de ruas PAGUE EM AT\u00c9 120 VEZES Direto com o loteamento em at\u00e9 120 vezes. LOCALIZA\u00c7\u00c3O PRIVILEGIADA Localiza\u00e7\u00e3o no lugar que mais cresce em Toritama, a melhor op\u00e7\u00e3o para investir ou morar em Toritama &#8211; PE FALE COM UM [&hellip;]<\/p>\n","protected":false},"author":1,"featured_media":0,"parent":0,"menu_order":0,"comment_status":"closed","ping_status":"closed","template":"","meta":{"footnotes":""},"class_list":["post-17","page","type-page","status-publish","hentry"],"_links":{"self":[{"href":"https:\/\/grupogoldsquare.com.br\/index.php\/wp-json\/wp\/v2\/pages\/17","targetHints":{"allow":["GET"]}}],"collection":[{"href":"https:\/\/grupogoldsquare.com.br\/index.php\/wp-json\/wp\/v2\/pages"}],"about":[{"href":"https:\/\/grupogoldsquare.com.br\/index.php\/wp-json\/wp\/v2\/types\/page"}],"author":[{"embeddable":true,"href":"https:\/\/grupogoldsquare.com.br\/index.php\/wp-json\/wp\/v2\/users\/1"}],"replies":[{"embeddable":true,"href":"https:\/\/grupogoldsquare.com.br\/index.php\/wp-json\/wp\/v2\/comments?post=17"}],"version-history":[{"count":19,"href":"https:\/\/grupogoldsquare.com.br\/index.php\/wp-json\/wp\/v2\/pages\/17\/revisions"}],"predecessor-version":[{"id":190,"href":"https:\/\/grupogoldsquare.com.br\/index.php\/wp-json\/wp\/v2\/pages\/17\/revisions\/190"}],"wp:attachment":[{"href":"https:\/\/grupogoldsquare.com.br\/index.php\/wp-json\/wp\/v2\/media?parent=17"}],"curies":[{"name":"wp","href":"https:\/\/api.w.org\/{rel}","templated":true}]}}